{"id":31021,"date":"2026-02-15T22:02:23","date_gmt":"2026-02-15T21:02:23","guid":{"rendered":"https:\/\/free-anar.site\/?page_id=31021"},"modified":"2026-02-15T22:02:23","modified_gmt":"2026-02-15T21:02:23","slug":"igbal-abilov","status":"publish","type":"page","link":"https:\/\/free-anar.site\/az\/political-prisoners\/igbal-abilov\/","title":{"rendered":"IGBAL ABILOV"},"content":{"rendered":"<p>[et_pb_section fb_built=&#8221;1&#8243; _builder_version=&#8221;4.25.2&#8243; _module_preset=&#8221;default&#8221; background_color=&#8221;#f3dc95&#8243; custom_padding=&#8221;12px|||||&#8221; global_colors_info=&#8221;{}&#8221;][et_pb_row _builder_version=&#8221;4.25.2&#8243; _module_preset=&#8221;default&#8221; custom_padding=&#8221;||0px|||&#8221; global_colors_info=&#8221;{}&#8221;][et_pb_column type=&#8221;4_4&#8243; _builder_version=&#8221;4.25.2&#8243; _module_preset=&#8221;default&#8221; global_colors_info=&#8221;{}&#8221;][et_pb_heading title=&#8221;IGBAL ABILOV&#8221; _builder_version=&#8221;4.25.2&#8243; _module_preset=&#8221;default&#8221; title_text_align=&#8221;center&#8221; global_colors_info=&#8221;{}&#8221;][\/et_pb_heading][\/et_pb_column][\/et_pb_row][\/et_pb_section][et_pb_section fb_built=&#8221;1&#8243; _builder_version=&#8221;4.25.2&#8243; background_color=&#8221;#f3dc95&#8243; custom_margin=&#8221;-59px|||||&#8221; custom_padding=&#8221;0px|||||&#8221; transparent_background=&#8221;off&#8221; make_fullwidth=&#8221;off&#8221; use_custom_width=&#8221;off&#8221; width_unit=&#8221;off&#8221; custom_width_px=&#8221;1080px&#8221; custom_width_percent=&#8221;80%&#8221; global_colors_info=&#8221;{}&#8221;][et_pb_row _builder_version=&#8221;4.16&#8243; background_size=&#8221;initial&#8221; background_position=&#8221;top_left&#8221; background_repeat=&#8221;repeat&#8221; custom_padding=&#8221;46px|0px|4px|0px||&#8221; make_fullwidth=&#8221;off&#8221; use_custom_width=&#8221;off&#8221; width_unit=&#8221;off&#8221; custom_width_px=&#8221;1080px&#8221; custom_width_percent=&#8221;80%&#8221; global_colors_info=&#8221;{}&#8221;][et_pb_column type=&#8221;4_4&#8243; _builder_version=&#8221;4.16&#8243; custom_padding=&#8221;|||&#8221; global_colors_info=&#8221;{}&#8221; custom_padding__hover=&#8221;|||&#8221;][et_pb_text _builder_version=&#8221;4.25.2&#8243; background_size=&#8221;initial&#8221; background_position=&#8221;top_left&#8221; background_repeat=&#8221;repeat&#8221; text_orientation=&#8221;center&#8221; module_alignment=&#8221;center&#8221; custom_padding=&#8221;||0px|||&#8221; use_border_color=&#8221;off&#8221; border_style=&#8221;solid&#8221; global_colors_info=&#8221;{}&#8221;]<\/p>\n<h4 class=\"p1\"><strong>Independent researcher of Talysh origin and human rights defender<\/strong><\/h4>\n<p>[\/et_pb_text][\/et_pb_column][\/et_pb_row][et_pb_row column_structure=&#8221;1_2,1_2&#8243; _builder_version=&#8221;4.25.2&#8243; _module_preset=&#8221;default&#8221; custom_padding=&#8221;44px|||||&#8221; global_colors_info=&#8221;{}&#8221;][et_pb_column type=&#8221;1_2&#8243; _builder_version=&#8221;4.25.2&#8243; _module_preset=&#8221;default&#8221; global_colors_info=&#8221;{}&#8221;][et_pb_text _builder_version=&#8221;4.25.2&#8243; _module_preset=&#8221;default&#8221; min_height=&#8221;452px&#8221; custom_margin=&#8221;||75px|||&#8221; custom_padding=&#8221;3px||3px|||&#8221; global_colors_info=&#8221;{}&#8221;]<\/p>\n<h3>About Igbal Abilov<\/h3>\n<p>Igbal Abilov, an independent researcher of Talysh origin and human rights defender, was born on 12 December 1989 in the village of Kolatan in the Masally district of the Azerbaijan SSR. When he was seven years old, his family moved to Minsk, Belarus. He studied at Belarusian State University (BSU), where he earned a Bachelor\u2019s degree in 2012 and a Master\u2019s degree in 2013 from the Faculty of International Relations. He continued his academic career by completing his postgraduate studies in 2016.From 2019 to 2022, Abilov was a senior teacher and lecturer at BSU and the University of Law and Social-Information Technologies, where he taught International Relations, Ethnopolitics, and Conflict Resolution. He is a scientific researcher, ethnographer, and Talysh scholar.As a researcher, he studies the history and culture of the South Caucasus, Turkey, and Iran. He is the editor-in-chief of the \u201cHerald of the Talysh National Academy\u201d, an international scientific journal focusing on the study of the Talysh people, an ethnic minority in the region. This is a major part of his activism. He is also known as a peace activist and a defender of minority rights. His work focuses on preserving the Talysh language and culture.Abilov\u2019s academic work and peaceful activism became the direct causes of his persecution. Authorities have compared his specialised research on ethnic minorities to high treason and \u201cforeign-instructed\u201d anti-state appeals, but there is no record of separate arrests before his 2024 detention.<sup style=\"font-size:0.75em; line-height:1;\"><a href=\"#ref-1\">1<\/a><\/sup><\/p>\n<p>[\/et_pb_text][et_pb_image src=&#8221;https:\/\/free-anar.site\/wp-content\/uploads\/2026\/02\/poster-18-scaled.png&#8221; alt=&#8221;Igbal Abilov poster&#8221; title_text=&#8221;Igbal Abilov poster&#8221; _builder_version=&#8221;4.25.2&#8243; _module_preset=&#8221;default&#8221; custom_margin=&#8221;-32px|||||&#8221; animation_style=&#8221;slide&#8221; global_colors_info=&#8221;{}&#8221;][\/et_pb_image][\/et_pb_column][et_pb_column type=&#8221;1_2&#8243; _builder_version=&#8221;4.25.2&#8243; _module_preset=&#8221;default&#8221; global_colors_info=&#8221;{}&#8221;][et_pb_text _builder_version=&#8221;4.25.2&#8243; _module_preset=&#8221;default&#8221; min_height=&#8221;642px&#8221; custom_padding=&#8221;3px||0px|||&#8221; global_colors_info=&#8221;{}&#8221;]<\/p>\n<h3>Case description<\/h3>\n<p>In June 2024, Igbal Abilov arrived in Azerbaijan for a family wedding. On 20 June 2024, State Security officers questioned him for six hours. Days later, when he tried to leave the country, they seized his passport and phones at the airport. On 22 July 2024, the State Security Service (SSS) officially arrested him in the Masally district. They then took him to Baku without informing his family. Two days later, the Sabail District Court remanded him to four months of pre-trial detention, which was extended several times. The lawyer\u2019s motions to transfer Abilov to house arrest were rejected by the court several times.Initially, Abilov was charged under Criminal Code Article 274 (high treason), Article 281.3 (public calls against the state at the direction of foreign organisations), and Article 283.1 (incitement of national, racial, social, or religious hatred and enmity). The charges alleged that he worked with Armenian special services and followed their orders to stir up ethnic hatred. The accusations were based on a short Skype conversation with an Armenian academic colleague.On 26 February 2025, the Lankaran Court for Grave Crimes began the criminal trial. The judge stated that state secrets were involved, so the proceedings were held behind closed doors. The court rejected the defence\u2019s motion to open the hearing.On 20 May 2025, the court convicted and sentenced him to eighteen years in prison. However, he and his lawyers stated that the criminal case against Abilov lacked credible evidence.Igbal Abilov was held at the State Security Service office in Baku before his trial. He was often kept in a solitary confinement cell. In detention, he was deprived of prison phone calls and family visits. His case was classified, and he was not allowed to share any case materials even with family members. Currently, he is being held under harsh prison conditions.<sup style=\"font-size:0.75em; line-height:1;\"><a href=\"#ref-2\">2<\/a>,<\/sup><sup style=\"font-size:0.75em; line-height:1;\"><a href=\"#ref-3\">3<\/a>,<\/sup><sup style=\"font-size:0.75em; line-height:1;\"><a href=\"#ref-4\">4<\/a>,<\/sup><sup style=\"font-size:0.75em; line-height:1;\"><a href=\"#ref-5\">5<\/a>,<\/sup><sup style=\"font-size:0.75em; line-height:1;\"><a href=\"#ref-6\">6<\/a><\/sup><\/p>\n<h4>References<\/h4>\n<p>&nbsp;<\/p>\n<ol>\n<li id=\"ref-1\"><a href=\"https:\/\/igbal.info\/en\/bio\" target=\"_blank\" rel=\"noopener\">https:\/\/igbal.info\/en\/bio<\/a><\/li>\n<li id=\"ref-2\"><a href=\"https:\/\/amnesty.ca\/urgent-actions\/azerbaijan-academics-face-up-to-20-years-in-prison-for-speaking-out\/\" target=\"_blank\" rel=\"noopener\">https:\/\/amnesty.ca\/urgent-actions\/azerbaijan-academics-face-up-to-20-years-in-prison-for-speaking-out\/<\/a><\/li>\n<li id=\"ref-3\"><a href=\"https:\/\/www.ipd-az.org\/wp-content\/uploads\/2025\/02\/12feb2025ENG.pdf\" target=\"_blank\" rel=\"noopener\">https:\/\/www.ipd-az.org\/wp-content\/uploads\/2025\/02\/12feb2025ENG.pdf<\/a><\/li>\n<li id=\"ref-4\"><a href=\"https:\/\/www.meydan.tv\/en\/article\/charges-of-treason-a-new-more-severe-way-for-pressuring-opponents-in-azerbaijan\/\" target=\"_blank\" rel=\"noopener\">https:\/\/www.meydan.tv\/en\/article\/charges-of-treason-a-new-more-severe-way-for-pressuring-opponents-in-azerbaijan\/<\/a><\/li>\n<li id=\"ref-5\"><a href=\"https:\/\/www.irfs.org\/news-feed\/prosecutor-requests-19-year-sentence-for-ethnic-researcher-iqbal-abilov\/\" target=\"_blank\" rel=\"noopener\">https:\/\/www.irfs.org\/news-feed\/prosecutor-requests-19-year-sentence-for-ethnic-researcher-iqbal-abilov\/<\/a><\/li>\n<li id=\"ref-6\"><a href=\"https:\/\/www.irfs.org\/news-feed\/pace-rapporteur-calls-for-release-of-iqbal-abilov-condemns-his-sentencing\/\" target=\"_blank\" rel=\"noopener\">https:\/\/www.irfs.org\/news-feed\/pace-rapporteur-calls-for-release-of-iqbal-abilov-condemns-his-sentencing\/<\/a><\/li>\n<\/ol>\n<p>[\/et_pb_text][et_pb_text _builder_version=&#8221;4.25.2&#8243; _module_preset=&#8221;default&#8221; custom_margin=&#8221;||-6px|||&#8221; custom_padding=&#8221;||60px|||&#8221; global_colors_info=&#8221;{}&#8221;]<\/p>\n<h4>Resources about Igbal Abilov<\/h4>\n<p>Kampaniyan\u0131n b\u00fct\u00fcn <a href=\"https:\/\/free-anar.site\/resources\/\">Campaign&#8217;s resources<\/a> resurslar\u0131 CC0 \u015f\u0259rtl\u0259ri alt\u0131nda Creative Commons Lisenziyas\u0131 <a href=\"https:\/\/creativecommons.org\/publicdomain\/zero\/1.0\/\" target=\"_blank\" rel=\"noopener\">CC0 conditions<\/a>, meaning these resources are public dedication tools, with no copyright, put into the worldwide public domain.<\/p>\n<p>Download blue background poster (<a href=\"https:\/\/free-anar.site\/wp-content\/uploads\/2026\/02\/poster-18-scaled.png\" target=\"_blank\" rel=\"noopener\">PNG<\/a>)<\/p>\n<p>Download square picture (<a href=\"https:\/\/free-anar.site\/wp-content\/uploads\/2026\/02\/profile-18.png\" target=\"_blank\" rel=\"noopener\">PNG<\/a>)<\/p>\n<p>[\/et_pb_text][et_pb_button button_url=&#8221;https:\/\/free-anar.site\/newsletter\/&#8221; button_text=&#8221;SUBSCRIBE TO OUR CRISIS DESK UPDATES&#8221; _builder_version=&#8221;4.25.2&#8243; _module_preset=&#8221;5ce38ed8-9f7f-4d7a-9cf3-ae6d408e556e&#8221; locked=&#8221;off&#8221; global_colors_info=&#8221;{}&#8221;][\/et_pb_button][\/et_pb_column][\/et_pb_row][\/et_pb_section]<\/p>","protected":false},"excerpt":{"rendered":"<p>Independent researcher of Talysh origin and human rights defenderAbout Igbal Abilov Igbal Abilov, an independent researcher of Talysh origin and human rights defender, was born on 12 December 1989 in the village of Kolatan in the Masally district of the Azerbaijan SSR. When he was seven years old, his family moved to Minsk, Belarus. He [&hellip;]<\/p>","protected":false},"author":4,"featured_media":0,"parent":43,"menu_order":0,"comment_status":"closed","ping_status":"closed","template":"","meta":{"_et_pb_use_builder":"on","_et_pb_old_content":"","_et_gb_content_width":"","footnotes":""},"categories":[],"tags":[],"class_list":["post-31021","page","type-page","status-publish","hentry"],"_links":{"self":[{"href":"https:\/\/free-anar.site\/az\/wp-json\/wp\/v2\/pages\/31021","targetHints":{"allow":["GET"]}}],"collection":[{"href":"https:\/\/free-anar.site\/az\/wp-json\/wp\/v2\/pages"}],"about":[{"href":"https:\/\/free-anar.site\/az\/wp-json\/wp\/v2\/types\/page"}],"author":[{"embeddable":true,"href":"https:\/\/free-anar.site\/az\/wp-json\/wp\/v2\/users\/4"}],"replies":[{"embeddable":true,"href":"https:\/\/free-anar.site\/az\/wp-json\/wp\/v2\/comments?post=31021"}],"version-history":[{"count":1,"href":"https:\/\/free-anar.site\/az\/wp-json\/wp\/v2\/pages\/31021\/revisions"}],"predecessor-version":[{"id":31024,"href":"https:\/\/free-anar.site\/az\/wp-json\/wp\/v2\/pages\/31021\/revisions\/31024"}],"up":[{"embeddable":true,"href":"https:\/\/free-anar.site\/az\/wp-json\/wp\/v2\/pages\/43"}],"wp:attachment":[{"href":"https:\/\/free-anar.site\/az\/wp-json\/wp\/v2\/media?parent=31021"}],"wp:term":[{"taxonomy":"category","embeddable":true,"href":"https:\/\/free-anar.site\/az\/wp-json\/wp\/v2\/categories?post=31021"},{"taxonomy":"post_tag","embeddable":true,"href":"https:\/\/free-anar.site\/az\/wp-json\/wp\/v2\/tags?post=31021"}],"curies":[{"name":"wp","href":"https:\/\/api.w.org\/{rel}","templated":true}]}}