{"id":31017,"date":"2026-02-15T22:00:05","date_gmt":"2026-02-15T21:00:05","guid":{"rendered":"https:\/\/free-anar.site\/?page_id=31017"},"modified":"2026-02-15T22:00:05","modified_gmt":"2026-02-15T21:00:05","slug":"ahmad-mukhtar","status":"publish","type":"page","link":"https:\/\/free-anar.site\/az\/political-prisoners\/ahmad-mukhtar\/","title":{"rendered":"AHMAD MUKHTAR"},"content":{"rendered":"<p>[et_pb_section fb_built=&#8221;1&#8243; _builder_version=&#8221;4.25.2&#8243; _module_preset=&#8221;default&#8221; background_color=&#8221;#f3dc95&#8243; custom_padding=&#8221;12px|||||&#8221; global_colors_info=&#8221;{}&#8221;][et_pb_row _builder_version=&#8221;4.25.2&#8243; _module_preset=&#8221;default&#8221; custom_padding=&#8221;||0px|||&#8221; global_colors_info=&#8221;{}&#8221;][et_pb_column type=&#8221;4_4&#8243; _builder_version=&#8221;4.25.2&#8243; _module_preset=&#8221;default&#8221; global_colors_info=&#8221;{}&#8221;][et_pb_heading title=&#8221;AHMAD MUKHTAR&#8221; _builder_version=&#8221;4.25.2&#8243; _module_preset=&#8221;default&#8221; title_text_align=&#8221;center&#8221; global_colors_info=&#8221;{}&#8221;][\/et_pb_heading][\/et_pb_column][\/et_pb_row][\/et_pb_section][et_pb_section fb_built=&#8221;1&#8243; _builder_version=&#8221;4.25.2&#8243; background_color=&#8221;#f3dc95&#8243; custom_margin=&#8221;-59px|||||&#8221; custom_padding=&#8221;0px|||||&#8221; transparent_background=&#8221;off&#8221; make_fullwidth=&#8221;off&#8221; use_custom_width=&#8221;off&#8221; width_unit=&#8221;off&#8221; custom_width_px=&#8221;1080px&#8221; custom_width_percent=&#8221;80%&#8221; global_colors_info=&#8221;{}&#8221;][et_pb_row _builder_version=&#8221;4.16&#8243; background_size=&#8221;initial&#8221; background_position=&#8221;top_left&#8221; background_repeat=&#8221;repeat&#8221; custom_padding=&#8221;46px|0px|4px|0px||&#8221; make_fullwidth=&#8221;off&#8221; use_custom_width=&#8221;off&#8221; width_unit=&#8221;off&#8221; custom_width_px=&#8221;1080px&#8221; custom_width_percent=&#8221;80%&#8221; global_colors_info=&#8221;{}&#8221;][et_pb_column type=&#8221;4_4&#8243; _builder_version=&#8221;4.16&#8243; custom_padding=&#8221;|||&#8221; global_colors_info=&#8221;{}&#8221; custom_padding__hover=&#8221;|||&#8221;][et_pb_text _builder_version=&#8221;4.25.2&#8243; background_size=&#8221;initial&#8221; background_position=&#8221;top_left&#8221; background_repeat=&#8221;repeat&#8221; text_orientation=&#8221;center&#8221; module_alignment=&#8221;center&#8221; custom_padding=&#8221;||0px|||&#8221; use_border_color=&#8221;off&#8221; border_style=&#8221;solid&#8221; global_colors_info=&#8221;{}&#8221;]<\/p>\n<h4 class=\"p1\"><strong>Freelance journalist and peace activist<\/strong><\/h4>\n<p>[\/et_pb_text][\/et_pb_column][\/et_pb_row][et_pb_row column_structure=&#8221;1_2,1_2&#8243; _builder_version=&#8221;4.25.2&#8243; _module_preset=&#8221;default&#8221; custom_padding=&#8221;44px|||||&#8221; global_colors_info=&#8221;{}&#8221;][et_pb_column type=&#8221;1_2&#8243; _builder_version=&#8221;4.25.2&#8243; _module_preset=&#8221;default&#8221; global_colors_info=&#8221;{}&#8221;][et_pb_text _builder_version=&#8221;4.25.2&#8243; _module_preset=&#8221;default&#8221; min_height=&#8221;452px&#8221; custom_margin=&#8221;||75px|||&#8221; custom_padding=&#8221;3px||3px|||&#8221; global_colors_info=&#8221;{}&#8221;]<\/p>\n<h3>About Ahmad Mukhtar<\/h3>\n<p>Ahmad Mukhtar is a peace activist and freelance photojournalist from Azerbaijan. He was born on 25 June 1985 in Magsudlu village of the Aghdam region. Later, he graduated from the Faculty of Journalism of Baku State University.He has worked for a number of media outlets, where he wrote about a wide range of topics, including labour rights, urban development issues, and cultural topics such as the history of meykhana performers.<\/p>\n<p>As an Internally Displaced Person (IDP), his reporting on the 2020 Second Nagorno-Karabakh War was very personal. He was born and raised in the village of Magsudlu, which is near Aghdam. When he was eight years old, his family had to leave during the first Nagorno-Karabakh war in 1993. He wrote about how the war affected civilians in Azerbaijan, including the destruction in cities such as Barda and Ganja. Since then, he has been involved in peacebuilding projects and has said publicly that both Azerbaijani and Armenian societies need to accept the human cost of the conflict and start thinking about how to live together.In December 2024, he was arrested under administrative charges and sentenced to 20 days of administrative arrest for hooliganism and disobeying police. He was then released without any further charges. At the same time, pro-government media accused him of smuggling Western donor money with other journalists who had been arrested earlier in the Meydan TV case.<\/p>\n<p>[\/et_pb_text][et_pb_image src=&#8221;https:\/\/free-anar.site\/wp-content\/uploads\/2026\/02\/poster-17-scaled.png&#8221; alt=&#8221;Ahmad Mukhtar poster&#8221; title_text=&#8221;Ahmad Mukhtar poster&#8221; _builder_version=&#8221;4.25.2&#8243; _module_preset=&#8221;default&#8221; custom_margin=&#8221;-32px|||||&#8221; animation_style=&#8221;slide&#8221; global_colors_info=&#8221;{}&#8221;][\/et_pb_image][\/et_pb_column][et_pb_column type=&#8221;1_2&#8243; _builder_version=&#8221;4.25.2&#8243; _module_preset=&#8221;default&#8221; global_colors_info=&#8221;{}&#8221;][et_pb_text _builder_version=&#8221;4.25.2&#8243; _module_preset=&#8221;default&#8221; min_height=&#8221;642px&#8221; custom_padding=&#8221;3px||0px|||&#8221; global_colors_info=&#8221;{}&#8221;]<\/p>\n<h3>Case description<\/h3>\n<p>On 27 August 2025, police in Baku arrested Ahmad Mukhtar again. This arrest made him the twelfth person to be arrested in the criminal case against the independent news outlet Meydan TV, which authorities say is involved in smuggling and illegally receiving money from Western donors. On the second day, the Khatai District Court remanded him to pre-trial detention for forty days. In his case, authorities appointed a state-appointed lawyer.At the same time as his arrest, the final report on the Meydan TV case was made public, and the charges against the group of detained journalists were made much more serious. Mukhtar was charged with allegedly committing eight crimes, including illegal entrepreneurship by an organised group (Articles 192.2.2 and 192.2.3), legalisation of property obtained through crime (Articles 193-1.3.1 and 193-1.3.2), smuggling committed by an organised group (Article 206.4), tax evasion committed by an organised group (Article 213.2.1), and forgery of documents (Articles 320.1 and 320.2). If convicted, he may face up to twelve years in prison.Currently, Mukhtar is held in the pre-trial detention centre pending trial.In December 2025, the criminal case against Mukhtar was sent to the Baku Court for Serious (Grave) Crimes, and trials began in mid-December 2025.<sup style=\"font-size:0.75em; line-height:1;\"><a href=\"#ref-1\">1<\/a>,<\/sup><sup style=\"font-size:0.75em; line-height:1;\"><a href=\"#ref-2\">2<\/a>,<\/sup><sup style=\"font-size:0.75em; line-height:1;\"><a href=\"#ref-3\">3<\/a><\/sup><\/p>\n<h4>References<\/h4>\n<p>&nbsp;<\/p>\n<ol>\n<li id=\"ref-1\"><a href=\"https:\/\/oc-media.org\/azerbaijani-photojournalist-ahmed-mukhtar-arrested-in-meydan-tv-case\/\" target=\"_blank\" rel=\"noopener\">https:\/\/oc-media.org\/azerbaijani-photojournalist-ahmed-mukhtar-arrested-in-meydan-tv-case\/<\/a><\/li>\n<li id=\"ref-2\"><a href=\"https:\/\/www.meydan.tv\/en\/article\/meydan-tv-isi-uzr%C9%99-m%C9%99hk%C9%99m%C9%99-prosesi-baslayir\/\" target=\"_blank\" rel=\"noopener\">https:\/\/www.meydan.tv\/en\/article\/meydan-tv-isi-uzr%C9%99-m%C9%99hk%C9%99m%C9%99-prosesi-baslayir\/<\/a><\/li>\n<li id=\"ref-3\"><a href=\"https:\/\/www.meydan.tv\/en\/article\/a-preparatory-hearing-held-in-the-meydan-tv-case\/\" target=\"_blank\" rel=\"noopener\">https:\/\/www.meydan.tv\/en\/article\/a-preparatory-hearing-held-in-the-meydan-tv-case\/<\/a><\/li>\n<\/ol>\n<p>[\/et_pb_text][et_pb_text _builder_version=&#8221;4.25.2&#8243; _module_preset=&#8221;default&#8221; custom_margin=&#8221;||-6px|||&#8221; custom_padding=&#8221;||60px|||&#8221; global_colors_info=&#8221;{}&#8221;]<\/p>\n<h4>Resources about Ahmad Mukhtar<\/h4>\n<p>Kampaniyan\u0131n b\u00fct\u00fcn <a href=\"https:\/\/free-anar.site\/resources\/\">Campaign&#8217;s resources<\/a> resurslar\u0131 CC0 \u015f\u0259rtl\u0259ri alt\u0131nda Creative Commons Lisenziyas\u0131 <a href=\"https:\/\/creativecommons.org\/publicdomain\/zero\/1.0\/\" target=\"_blank\" rel=\"noopener\">CC0 conditions<\/a>, meaning these resources are public dedication tools, with no copyright, put into the worldwide public domain.<\/p>\n<p>Download blue background poster (<a href=\"https:\/\/free-anar.site\/wp-content\/uploads\/2026\/02\/poster-17-scaled.png\" target=\"_blank\" rel=\"noopener\">PNG<\/a>)<\/p>\n<p>Download square picture (<a href=\"https:\/\/free-anar.site\/wp-content\/uploads\/2026\/02\/profile-17.png\" target=\"_blank\" rel=\"noopener\">PNG<\/a>)<\/p>\n<p>[\/et_pb_text][et_pb_button button_url=&#8221;https:\/\/free-anar.site\/newsletter\/&#8221; button_text=&#8221;SUBSCRIBE TO OUR CRISIS DESK UPDATES&#8221; _builder_version=&#8221;4.25.2&#8243; _module_preset=&#8221;5ce38ed8-9f7f-4d7a-9cf3-ae6d408e556e&#8221; locked=&#8221;off&#8221; global_colors_info=&#8221;{}&#8221;][\/et_pb_button][\/et_pb_column][\/et_pb_row][\/et_pb_section]<\/p>","protected":false},"excerpt":{"rendered":"<p>Freelance journalist and peace activistAbout Ahmad Mukhtar Ahmad Mukhtar is a peace activist and freelance photojournalist from Azerbaijan. He was born on 25 June 1985 in Magsudlu village of the Aghdam region. Later, he graduated from the Faculty of Journalism of Baku State University.He has worked for a number of media outlets, where he wrote [&hellip;]<\/p>","protected":false},"author":4,"featured_media":0,"parent":43,"menu_order":0,"comment_status":"closed","ping_status":"closed","template":"","meta":{"_et_pb_use_builder":"on","_et_pb_old_content":"","_et_gb_content_width":"","footnotes":""},"categories":[],"tags":[],"class_list":["post-31017","page","type-page","status-publish","hentry"],"_links":{"self":[{"href":"https:\/\/free-anar.site\/az\/wp-json\/wp\/v2\/pages\/31017","targetHints":{"allow":["GET"]}}],"collection":[{"href":"https:\/\/free-anar.site\/az\/wp-json\/wp\/v2\/pages"}],"about":[{"href":"https:\/\/free-anar.site\/az\/wp-json\/wp\/v2\/types\/page"}],"author":[{"embeddable":true,"href":"https:\/\/free-anar.site\/az\/wp-json\/wp\/v2\/users\/4"}],"replies":[{"embeddable":true,"href":"https:\/\/free-anar.site\/az\/wp-json\/wp\/v2\/comments?post=31017"}],"version-history":[{"count":1,"href":"https:\/\/free-anar.site\/az\/wp-json\/wp\/v2\/pages\/31017\/revisions"}],"predecessor-version":[{"id":31020,"href":"https:\/\/free-anar.site\/az\/wp-json\/wp\/v2\/pages\/31017\/revisions\/31020"}],"up":[{"embeddable":true,"href":"https:\/\/free-anar.site\/az\/wp-json\/wp\/v2\/pages\/43"}],"wp:attachment":[{"href":"https:\/\/free-anar.site\/az\/wp-json\/wp\/v2\/media?parent=31017"}],"wp:term":[{"taxonomy":"category","embeddable":true,"href":"https:\/\/free-anar.site\/az\/wp-json\/wp\/v2\/categories?post=31017"},{"taxonomy":"post_tag","embeddable":true,"href":"https:\/\/free-anar.site\/az\/wp-json\/wp\/v2\/tags?post=31017"}],"curies":[{"name":"wp","href":"https:\/\/api.w.org\/{rel}","templated":true}]}}