{"id":30971,"date":"2026-02-15T21:10:03","date_gmt":"2026-02-15T20:10:03","guid":{"rendered":"https:\/\/free-anar.site\/?page_id=30971"},"modified":"2026-02-15T21:10:03","modified_gmt":"2026-02-15T20:10:03","slug":"natig-javadli","status":"publish","type":"page","link":"https:\/\/free-anar.site\/az\/political-prisoners\/natig-javadli\/","title":{"rendered":"NATIG JAVADLI"},"content":{"rendered":"<p>[et_pb_section fb_built=&#8221;1&#8243; _builder_version=&#8221;4.25.2&#8243; _module_preset=&#8221;default&#8221; background_color=&#8221;#f3dc95&#8243; custom_padding=&#8221;12px|||||&#8221; global_colors_info=&#8221;{}&#8221;][et_pb_row _builder_version=&#8221;4.25.2&#8243; _module_preset=&#8221;default&#8221; custom_padding=&#8221;||0px|||&#8221; global_colors_info=&#8221;{}&#8221;][et_pb_column type=&#8221;4_4&#8243; _builder_version=&#8221;4.25.2&#8243; _module_preset=&#8221;default&#8221; global_colors_info=&#8221;{}&#8221;][et_pb_heading title=&#8221;NATIG JAVADLI&#8221; _builder_version=&#8221;4.25.2&#8243; _module_preset=&#8221;default&#8221; title_text_align=&#8221;center&#8221; global_colors_info=&#8221;{}&#8221;][\/et_pb_heading][\/et_pb_column][\/et_pb_row][\/et_pb_section][et_pb_section fb_built=&#8221;1&#8243; _builder_version=&#8221;4.25.2&#8243; background_color=&#8221;#f3dc95&#8243; custom_margin=&#8221;-59px|||||&#8221; custom_padding=&#8221;0px|||||&#8221; transparent_background=&#8221;off&#8221; make_fullwidth=&#8221;off&#8221; use_custom_width=&#8221;off&#8221; width_unit=&#8221;off&#8221; custom_width_px=&#8221;1080px&#8221; custom_width_percent=&#8221;80%&#8221; global_colors_info=&#8221;{}&#8221;][et_pb_row _builder_version=&#8221;4.16&#8243; background_size=&#8221;initial&#8221; background_position=&#8221;top_left&#8221; background_repeat=&#8221;repeat&#8221; custom_padding=&#8221;46px|0px|4px|0px||&#8221; make_fullwidth=&#8221;off&#8221; use_custom_width=&#8221;off&#8221; width_unit=&#8221;off&#8221; custom_width_px=&#8221;1080px&#8221; custom_width_percent=&#8221;80%&#8221; global_colors_info=&#8221;{}&#8221;][et_pb_column type=&#8221;4_4&#8243; _builder_version=&#8221;4.16&#8243; custom_padding=&#8221;|||&#8221; global_colors_info=&#8221;{}&#8221; custom_padding__hover=&#8221;|||&#8221;][et_pb_text _builder_version=&#8221;4.25.2&#8243; background_size=&#8221;initial&#8221; background_position=&#8221;top_left&#8221; background_repeat=&#8221;repeat&#8221; text_orientation=&#8221;center&#8221; module_alignment=&#8221;center&#8221; custom_padding=&#8221;||0px|||&#8221; use_border_color=&#8221;off&#8221; border_style=&#8221;solid&#8221; global_colors_info=&#8221;{}&#8221;]<\/p>\n<h4 class=\"p1\"><strong>Journalist at Meydan TV; imprisoned under bogus charges.<\/strong><\/h4>\n<p>[\/et_pb_text][\/et_pb_column][\/et_pb_row][et_pb_row column_structure=&#8221;1_2,1_2&#8243; _builder_version=&#8221;4.25.2&#8243; _module_preset=&#8221;default&#8221; custom_padding=&#8221;44px|||||&#8221; global_colors_info=&#8221;{}&#8221;][et_pb_column type=&#8221;1_2&#8243; _builder_version=&#8221;4.25.2&#8243; _module_preset=&#8221;default&#8221; global_colors_info=&#8221;{}&#8221;][et_pb_text _builder_version=&#8221;4.25.2&#8243; _module_preset=&#8221;default&#8221; min_height=&#8221;452px&#8221; custom_margin=&#8221;||75px|||&#8221; custom_padding=&#8221;3px||3px|||&#8221; global_colors_info=&#8221;{}&#8221;]<\/p>\n<h3>About Natig Javadli<\/h3>\n<p>Natig was born on 13 March 1971 in Sumgayit, Azerbaijan. He studied at Sumgayit Polytechnical College from 1988 to 1993, and after that studied history at the Azerbaijan State Pedagogical University (1997\u20132002).<\/p>\n<p>Javadli, with over 35 years of professional experience, is considered one of Azerbaijan&#8217;s respected journalists and thinkers, known for his integrity and dedication to truth. His commitment to his ideals is described as being rooted in his upbringing, with his father having participated in anti-Soviet protests in 1963. Prior to joining the Berlin-based media outlet Meydan TV, where he worked as a journalist, he wrote for the daily newspaper Bizim Yol. His work has consistently focused on holding authorities accountable and addressing issues often overlooked in mainstream discourse.<sup style=\"font-size:0.75em; line-height:1;\"><a href=\"#ref-1\">1<\/a>,<\/sup><sup style=\"font-size:0.75em; line-height:1;\"><a href=\"#ref-2\">2<\/a><\/sup><\/p>\n<p>He has reportedly faced smear campaigns and threats of imprisonment throughout his career but remained committed to his mission. For his courageous, independent, and high-quality reporting, Natig Javadli became a laureate of the international Gerd Bucerius Foundation Prize.<\/p>\n<p>Natig Javadli\u2019s current detention follows a history of targeted harassment by Azerbaijani authorities. In June 2015, Javadli and a few of his co-workers were banned from leaving Azerbaijan at an overland border crossing. This was an unofficial but enforced travel ban. Regarding this case, the European Court of Human Rights concluded that Javadli\u2019s right to freedom of movement had been breached by the Azerbaijani government to obstruct his professional endeavours.<sup style=\"font-size:0.75em; line-height:1;\"><a href=\"#ref-3\">3<\/a>,<\/sup><sup style=\"font-size:0.75em; line-height:1;\"><a href=\"#ref-4\">4<\/a><\/sup><\/p>\n<p>[\/et_pb_text][et_pb_image src=&#8221;https:\/\/free-anar.site\/wp-content\/uploads\/2026\/02\/poster-6-scaled.png&#8221; alt=&#8221;Natig Javadli poster&#8221; title_text=&#8221;Natig Javadli poster&#8221; _builder_version=&#8221;4.25.2&#8243; _module_preset=&#8221;default&#8221; custom_margin=&#8221;-32px|||||&#8221; animation_style=&#8221;slide&#8221; global_colors_info=&#8221;{}&#8221;][\/et_pb_image][\/et_pb_column][et_pb_column type=&#8221;1_2&#8243; _builder_version=&#8221;4.25.2&#8243; _module_preset=&#8221;default&#8221; global_colors_info=&#8221;{}&#8221;][et_pb_text _builder_version=&#8221;4.25.2&#8243; _module_preset=&#8221;default&#8221; min_height=&#8221;642px&#8221; custom_padding=&#8221;3px||0px|||&#8221; global_colors_info=&#8221;{}&#8221;]<\/p>\n<h3>Case description<\/h3>\n<p>The Baku Main Police Department arrested Natig Javadli on 6 December 2024, as part of a wave of detentions targeting the independent media outlet Meydan TV. His arrest occurred shortly after his return from medical leave, on his first day back at work. Reportedly, he was held overnight at the police station and interrogated without the presence of his lawyer.<sup style=\"font-size:0.75em; line-height:1;\"><a href=\"#ref-5\">5<\/a><\/sup><\/p>\n<p>On 8 December 2024, the Khatai District Court remanded Javadli to four months of pre-trial detention under the charge of smuggling foreign currency committed by a group of persons by prior conspiracy (Criminal Code Article 206.3.2). Later, his pre-trial detention was prolonged several times, and the court denied the defence motion to transfer Javadli to house arrest.<sup style=\"font-size:0.75em; line-height:1;\"><a href=\"#ref-6\">6<\/a><\/sup><\/p>\n<p>In August 2025, the investigation brought additional charges, expanding the indictment to include illegal entrepreneurship, money laundering, smuggling by an organised group, tax evasion by an organised group, forgery of documents, and use of forged documents.<sup style=\"font-size:0.75em; line-height:1;\"><a href=\"#ref-7\">7<\/a><\/sup><\/p>\n<p>On 12 December 2025, the Baku Court of Serious Crimes started the trial in the case against Germany-based Meydan TV.<\/p>\n<h4>References<\/h4>\n<p>&nbsp;<\/p>\n<ol>\n<li id=\"ref-1\"><a href=\"https:\/\/www.meydan.tv\/en\/article\/natig-javadli-a-symbol-of-honesty-and-justice\/\" target=\"_blank\" rel=\"noopener\">https:\/\/www.meydan.tv\/en\/article\/natig-javadli-a-symbol-of-honesty-and-justice\/<\/a><\/li>\n<li id=\"ref-2\"><a href=\"https:\/\/cpj.org\/data\/people\/natig-javadli\/\" target=\"_blank\" rel=\"noopener\">https:\/\/cpj.org\/data\/people\/natig-javadli\/<\/a><\/li>\n<li id=\"ref-3\"><a href=\"https:\/\/smdtaz.org\/wp-content\/uploads\/2019\/02\/SMDT-travel_ban-ENG-2.pdf\" target=\"_blank\" rel=\"noopener\">https:\/\/smdtaz.org\/wp-content\/uploads\/2019\/02\/SMDT-travel_ban-ENG-2.pdf<\/a><\/li>\n<li id=\"ref-4\"><a href=\"https:\/\/www.meydan.tv\/en\/article\/journalist-natiq-javadli-unable-to-have-travel-ban-lifted\/?tztc=1\" target=\"_blank\" rel=\"noopener\">https:\/\/www.meydan.tv\/en\/article\/journalist-natiq-javadli-unable-to-have-travel-ban-lifted\/?tztc=1<\/a><\/li>\n<li id=\"ref-5\"><a href=\"https:\/\/advox.globalvoices.org\/2024\/12\/18\/in-azerbaijan-authorities-are-again-targeting-journalists-in-a-new-wave-of-arrests\/\" target=\"_blank\" rel=\"noopener\">https:\/\/advox.globalvoices.org\/2024\/12\/18\/in-azerbaijan-authorities-are-again-targeting-journalists-in-a-new-wave-of-arrests\/<\/a><\/li>\n<li id=\"ref-6\"><a href=\"https:\/\/www.irfs.org\/news-feed\/the-court-left-journalist-natig-javadli-in-custody\/\" target=\"_blank\" rel=\"noopener\">https:\/\/www.irfs.org\/news-feed\/the-court-left-journalist-natig-javadli-in-custody\/<\/a><\/li>\n<\/ol>\n<p>[\/et_pb_text][et_pb_text _builder_version=&#8221;4.25.2&#8243; _module_preset=&#8221;default&#8221; custom_margin=&#8221;||-6px|||&#8221; custom_padding=&#8221;||60px|||&#8221; global_colors_info=&#8221;{}&#8221;]<\/p>\n<h4>Resources about Natig Javadli<\/h4>\n<p>Kampaniyan\u0131n b\u00fct\u00fcn <a href=\"https:\/\/free-anar.site\/resources\/\">Campaign&#8217;s resources<\/a> resurslar\u0131 CC0 \u015f\u0259rtl\u0259ri alt\u0131nda Creative Commons Lisenziyas\u0131 <a href=\"https:\/\/creativecommons.org\/publicdomain\/zero\/1.0\/\" target=\"_blank\" rel=\"noopener\">CC0 conditions<\/a>, meaning these resources are public dedication tools, with no copyright, put into the worldwide public domain.<\/p>\n<p>Download blue background poster (<a href=\"https:\/\/free-anar.site\/wp-content\/uploads\/2026\/02\/poster-6-scaled.png\" target=\"_blank\" rel=\"noopener\">PNG<\/a>)<\/p>\n<p>Download square picture (<a href=\"https:\/\/free-anar.site\/wp-content\/uploads\/2026\/02\/profile-6.png\" target=\"_blank\" rel=\"noopener\">PNG<\/a>)<\/p>\n<p>[\/et_pb_text][et_pb_button button_url=&#8221;https:\/\/free-anar.site\/newsletter\/&#8221; button_text=&#8221;SUBSCRIBE TO OUR CRISIS DESK UPDATES&#8221; _builder_version=&#8221;4.25.2&#8243; _module_preset=&#8221;5ce38ed8-9f7f-4d7a-9cf3-ae6d408e556e&#8221; locked=&#8221;off&#8221; global_colors_info=&#8221;{}&#8221;][\/et_pb_button][\/et_pb_column][\/et_pb_row][\/et_pb_section]<\/p>","protected":false},"excerpt":{"rendered":"<p>Journalist at Meydan TV; imprisoned under bogus charges.About Natig Javadli Natig was born on 13 March 1971 in Sumgayit, Azerbaijan. He studied at Sumgayit Polytechnical College from 1988 to 1993, and after that studied history at the Azerbaijan State Pedagogical University (1997\u20132002). Javadli, with over 35 years of professional experience, is considered one of Azerbaijan&#8217;s [&hellip;]<\/p>","protected":false},"author":4,"featured_media":0,"parent":43,"menu_order":0,"comment_status":"closed","ping_status":"closed","template":"","meta":{"_et_pb_use_builder":"on","_et_pb_old_content":"","_et_gb_content_width":"","footnotes":""},"categories":[],"tags":[],"class_list":["post-30971","page","type-page","status-publish","hentry"],"_links":{"self":[{"href":"https:\/\/free-anar.site\/az\/wp-json\/wp\/v2\/pages\/30971","targetHints":{"allow":["GET"]}}],"collection":[{"href":"https:\/\/free-anar.site\/az\/wp-json\/wp\/v2\/pages"}],"about":[{"href":"https:\/\/free-anar.site\/az\/wp-json\/wp\/v2\/types\/page"}],"author":[{"embeddable":true,"href":"https:\/\/free-anar.site\/az\/wp-json\/wp\/v2\/users\/4"}],"replies":[{"embeddable":true,"href":"https:\/\/free-anar.site\/az\/wp-json\/wp\/v2\/comments?post=30971"}],"version-history":[{"count":1,"href":"https:\/\/free-anar.site\/az\/wp-json\/wp\/v2\/pages\/30971\/revisions"}],"predecessor-version":[{"id":30974,"href":"https:\/\/free-anar.site\/az\/wp-json\/wp\/v2\/pages\/30971\/revisions\/30974"}],"up":[{"embeddable":true,"href":"https:\/\/free-anar.site\/az\/wp-json\/wp\/v2\/pages\/43"}],"wp:attachment":[{"href":"https:\/\/free-anar.site\/az\/wp-json\/wp\/v2\/media?parent=30971"}],"wp:term":[{"taxonomy":"category","embeddable":true,"href":"https:\/\/free-anar.site\/az\/wp-json\/wp\/v2\/categories?post=30971"},{"taxonomy":"post_tag","embeddable":true,"href":"https:\/\/free-anar.site\/az\/wp-json\/wp\/v2\/tags?post=30971"}],"curies":[{"name":"wp","href":"https:\/\/api.w.org\/{rel}","templated":true}]}}