{"id":30943,"date":"2026-02-15T19:36:57","date_gmt":"2026-02-15T18:36:57","guid":{"rendered":"https:\/\/free-anar.site\/?page_id=30943"},"modified":"2026-02-15T19:36:57","modified_gmt":"2026-02-15T18:36:57","slug":"asaf-ahmadov","status":"publish","type":"page","link":"https:\/\/free-anar.site\/az\/political-prisoners\/asaf-ahmadov\/","title":{"rendered":"Asaf Ahmadov"},"content":{"rendered":"<p>[et_pb_section fb_built=&#8221;1&#8243; _builder_version=&#8221;4.25.2&#8243; _module_preset=&#8221;default&#8221; background_color=&#8221;#f3dc95&#8243; custom_padding=&#8221;12px|||||&#8221; global_colors_info=&#8221;{}&#8221;][et_pb_row _builder_version=&#8221;4.25.2&#8243; _module_preset=&#8221;default&#8221; custom_padding=&#8221;||0px|||&#8221; global_colors_info=&#8221;{}&#8221;][et_pb_column type=&#8221;4_4&#8243; _builder_version=&#8221;4.25.2&#8243; _module_preset=&#8221;default&#8221; global_colors_info=&#8221;{}&#8221;][et_pb_heading title=&#8221;Asaf Ahmadov&#8221; _builder_version=&#8221;4.25.2&#8243; _module_preset=&#8221;default&#8221; title_text_align=&#8221;center&#8221; global_colors_info=&#8221;{}&#8221;][\/et_pb_heading][\/et_pb_column][\/et_pb_row][\/et_pb_section][et_pb_section fb_built=&#8221;1&#8243; _builder_version=&#8221;4.25.2&#8243; background_color=&#8221;#f3dc95&#8243; custom_margin=&#8221;-59px|||||&#8221; custom_padding=&#8221;0px|||||&#8221; transparent_background=&#8221;off&#8221; make_fullwidth=&#8221;off&#8221; use_custom_width=&#8221;off&#8221; width_unit=&#8221;off&#8221; custom_width_px=&#8221;1080px&#8221; custom_width_percent=&#8221;80%&#8221; global_colors_info=&#8221;{}&#8221;][et_pb_row _builder_version=&#8221;4.16&#8243; background_size=&#8221;initial&#8221; background_position=&#8221;top_left&#8221; background_repeat=&#8221;repeat&#8221; custom_padding=&#8221;46px|0px|4px|0px||&#8221; make_fullwidth=&#8221;off&#8221; use_custom_width=&#8221;off&#8221; width_unit=&#8221;off&#8221; custom_width_px=&#8221;1080px&#8221; custom_width_percent=&#8221;80%&#8221; global_colors_info=&#8221;{}&#8221;][et_pb_column type=&#8221;4_4&#8243; _builder_version=&#8221;4.16&#8243; custom_padding=&#8221;|||&#8221; global_colors_info=&#8221;{}&#8221; custom_padding__hover=&#8221;|||&#8221;][et_pb_text _builder_version=&#8221;4.25.2&#8243; background_size=&#8221;initial&#8221; background_position=&#8221;top_left&#8221; background_repeat=&#8221;repeat&#8221; text_orientation=&#8221;center&#8221; module_alignment=&#8221;center&#8221; custom_padding=&#8221;||0px|||&#8221; use_border_color=&#8221;off&#8221; border_style=&#8221;solid&#8221; global_colors_info=&#8221;{}&#8221;]<\/p>\n<h4 class=\"p1\">Civil society representative; former associate of EMDS and Chair of Ganja Regional Community Centre; imprisoned under bogus charges.<\/h4>\n<p>[\/et_pb_text][\/et_pb_column][\/et_pb_row][et_pb_row column_structure=&#8221;1_2,1_2&#8243; _builder_version=&#8221;4.25.2&#8243; _module_preset=&#8221;default&#8221; custom_padding=&#8221;44px|||||&#8221; global_colors_info=&#8221;{}&#8221;][et_pb_column type=&#8221;1_2&#8243; _builder_version=&#8221;4.25.2&#8243; _module_preset=&#8221;default&#8221; global_colors_info=&#8221;{}&#8221;][et_pb_text _builder_version=&#8221;4.25.2&#8243; _module_preset=&#8221;default&#8221; min_height=&#8221;452px&#8221; custom_margin=&#8221;||75px|||&#8221; custom_padding=&#8221;3px||3px|||&#8221; global_colors_info=&#8221;{}&#8221;]<\/p>\n<h3>About Asaf Ahmadov<\/h3>\n<p>Asaf Ahmadov, a civil activist and seasoned election monitor, became known as the head of the Ganja Regional Community Centre, an organisation dedicated to community group initiatives. His participation in the democratic process went beyond local activism. In January 2019, he was an observer for the Ukrainian presidential election as part of the Election Monitoring and Democracy Studies Centre. Because of his history of independent civic engagement and critical work, he was a target of political persecution.<\/p>\n<p>In 2015, during the parliamentary elections in Azerbaijan, Ahmadov faced intimidation from the police and local executive authorities following the election period. After he was seen visiting several polling stations, he was told by officials to leave the country and only return after the elections were over. This incident highlighted the practice of state-led targeting of independent election observers and activists.<\/p>\n<p>In the new wave of repression against civil society in Azerbaijan, Ahmadov was caught up in the government&#8217;s crackdown in 2024, which was called the &#8220;NGO Case&#8221;. This case reopened an investigation from 2014 into grant recipients.<\/p>\n<p>[\/et_pb_text][et_pb_image src=&#8221;https:\/\/free-anar.site\/wp-content\/uploads\/2026\/02\/asaf-ahmadov-poster-scaled.png&#8221; alt=&#8221;Asaf Ahmadov poster&#8221; title_text=&#8221;Asaf Ahmadov poster&#8221; _builder_version=&#8221;4.25.2&#8243; _module_preset=&#8221;default&#8221; custom_margin=&#8221;-32px|||||&#8221; animation_style=&#8221;slide&#8221; global_colors_info=&#8221;{}&#8221;][\/et_pb_image][\/et_pb_column][et_pb_column type=&#8221;1_2&#8243; _builder_version=&#8221;4.25.2&#8243; _module_preset=&#8221;default&#8221; global_colors_info=&#8221;{}&#8221;][et_pb_text _builder_version=&#8221;4.25.2&#8243; _module_preset=&#8221;default&#8221; min_height=&#8221;642px&#8221; custom_padding=&#8221;3px||0px|||&#8221; global_colors_info=&#8221;{}&#8221;]<\/p>\n<h3>Case description<\/h3>\n<p>On 9 April 2024, Asaf Ahmadov was arrested and remanded for three months and four days in pre-trial detention. He was charged under Criminal Code Article 193-1.3.2 (legalisation of large-scale criminally obtained property, or money laundering in a significant amount), Article 308.2 (abuse of official powers causing grave consequences), and Article 313 (official forgery). He denied all of the charges against him.<sup style=\"font-size:0.75em; line-height:1;\"><a href=\"#ref-1\">1<\/a><\/sup><\/p>\n<p>The Binagadi District Court extended Asaf Ahmadov&#8217;s pre-trial detention for another three months on 9 July 2025. He is now being held with other well-known civil society leaders, such as Zamin Zaki (a social worker), Bashir Suleymanli (the head of the Institute for Civil Rights), and Mammad Alpay (the Executive Director of the Election Monitoring Alliance).<sup style=\"font-size:0.75em; line-height:1;\"><a href=\"#ref-2\">2<\/a><\/sup><\/p>\n<p>In October 2025, the case was sent to trial on the merits.<\/p>\n<h4>References<\/h4>\n<p>&nbsp;<\/p>\n<ol>\n<li id=\"ref-1\"><a href=\"https:\/\/www.hrw.org\/news\/2025\/04\/29\/azerbaijan-uses-old-criminal-case-ramp-repression\" target=\"_blank\" rel=\"noopener\">https:\/\/www.hrw.org\/news\/2025\/04\/29\/azerbaijan-uses-old-criminal-case-ramp-repression<\/a><\/li>\n<li id=\"ref-2\"><a href=\"https:\/\/abzas.org\/en\/2025\/7\/court-extends-detention-of-civ1c47a46f-8\/\" target=\"_blank\" rel=\"noopener\">https:\/\/abzas.org\/en\/2025\/7\/court-extends-detention-of-civ1c47a46f-8\/<\/a><\/li>\n<\/ol>\n<p>[\/et_pb_text][et_pb_text _builder_version=&#8221;4.25.2&#8243; _module_preset=&#8221;default&#8221; custom_margin=&#8221;||-6px|||&#8221; custom_padding=&#8221;||60px|||&#8221; global_colors_info=&#8221;{}&#8221;]<\/p>\n<h4>Resources about Asaf Ahmadov<\/h4>\n<p>Kampaniyan\u0131n b\u00fct\u00fcn <a href=\"https:\/\/free-anar.site\/resources\/\">Campaign&#8217;s resources<\/a> resurslar\u0131 CC0 \u015f\u0259rtl\u0259ri alt\u0131nda Creative Commons Lisenziyas\u0131 <a href=\"https:\/\/creativecommons.org\/publicdomain\/zero\/1.0\/\" target=\"_blank\" rel=\"noopener\">CC0 conditions<\/a>, meaning these resources are public dedication tools, with no copyright, put into the worldwide public domain.<\/p>\n<p>Download blue background poster (<a href=\"https:\/\/free-anar.site\/wp-content\/uploads\/2026\/02\/asaf-ahmadov-poster-scaled.png\" target=\"_blank\" rel=\"noopener\">PNG<\/a>)<\/p>\n<p>Download square picture (<a href=\"https:\/\/free-anar.site\/wp-content\/uploads\/2026\/02\/asaf-ahmadov-profile.png\" target=\"_blank\" rel=\"noopener\">PNG<\/a>)<\/p>\n<p>[\/et_pb_text][et_pb_button button_url=&#8221;https:\/\/free-anar.site\/newsletter\/&#8221; button_text=&#8221;SUBSCRIBE TO OUR CRISIS DESK UPDATES&#8221; _builder_version=&#8221;4.25.2&#8243; _module_preset=&#8221;5ce38ed8-9f7f-4d7a-9cf3-ae6d408e556e&#8221; locked=&#8221;off&#8221; global_colors_info=&#8221;{}&#8221;][\/et_pb_button][\/et_pb_column][\/et_pb_row][\/et_pb_section]<\/p>","protected":false},"excerpt":{"rendered":"<p>Civil society representative; former associate of EMDS and Chair of Ganja Regional Community Centre; imprisoned under bogus charges.About Asaf Ahmadov Asaf Ahmadov, a civil activist and seasoned election monitor, became known as the head of the Ganja Regional Community Centre, an organisation dedicated to community group initiatives. His participation in the democratic process went beyond [&hellip;]<\/p>","protected":false},"author":4,"featured_media":0,"parent":43,"menu_order":0,"comment_status":"closed","ping_status":"closed","template":"","meta":{"_et_pb_use_builder":"on","_et_pb_old_content":"","_et_gb_content_width":"","footnotes":""},"categories":[],"tags":[],"class_list":["post-30943","page","type-page","status-publish","hentry"],"_links":{"self":[{"href":"https:\/\/free-anar.site\/az\/wp-json\/wp\/v2\/pages\/30943","targetHints":{"allow":["GET"]}}],"collection":[{"href":"https:\/\/free-anar.site\/az\/wp-json\/wp\/v2\/pages"}],"about":[{"href":"https:\/\/free-anar.site\/az\/wp-json\/wp\/v2\/types\/page"}],"author":[{"embeddable":true,"href":"https:\/\/free-anar.site\/az\/wp-json\/wp\/v2\/users\/4"}],"replies":[{"embeddable":true,"href":"https:\/\/free-anar.site\/az\/wp-json\/wp\/v2\/comments?post=30943"}],"version-history":[{"count":1,"href":"https:\/\/free-anar.site\/az\/wp-json\/wp\/v2\/pages\/30943\/revisions"}],"predecessor-version":[{"id":30946,"href":"https:\/\/free-anar.site\/az\/wp-json\/wp\/v2\/pages\/30943\/revisions\/30946"}],"up":[{"embeddable":true,"href":"https:\/\/free-anar.site\/az\/wp-json\/wp\/v2\/pages\/43"}],"wp:attachment":[{"href":"https:\/\/free-anar.site\/az\/wp-json\/wp\/v2\/media?parent=30943"}],"wp:term":[{"taxonomy":"category","embeddable":true,"href":"https:\/\/free-anar.site\/az\/wp-json\/wp\/v2\/categories?post=30943"},{"taxonomy":"post_tag","embeddable":true,"href":"https:\/\/free-anar.site\/az\/wp-json\/wp\/v2\/tags?post=30943"}],"curies":[{"name":"wp","href":"https:\/\/api.w.org\/{rel}","templated":true}]}}