{"id":30929,"date":"2026-02-15T19:10:56","date_gmt":"2026-02-15T18:10:56","guid":{"rendered":"https:\/\/free-anar.site\/?page_id=30929"},"modified":"2026-02-15T19:11:42","modified_gmt":"2026-02-15T18:11:42","slug":"rufat-safarov","status":"publish","type":"page","link":"https:\/\/free-anar.site\/az\/political-prisoners\/rufat-safarov\/","title":{"rendered":"Rufat Safarov"},"content":{"rendered":"<p>[et_pb_section fb_built=&#8221;1&#8243; _builder_version=&#8221;4.25.2&#8243; _module_preset=&#8221;default&#8221; background_color=&#8221;#f3dc95&#8243; custom_padding=&#8221;12px|||||&#8221; global_colors_info=&#8221;{}&#8221;][et_pb_row _builder_version=&#8221;4.25.2&#8243; _module_preset=&#8221;default&#8221; custom_padding=&#8221;||0px|||&#8221; global_colors_info=&#8221;{}&#8221;][et_pb_column type=&#8221;4_4&#8243; _builder_version=&#8221;4.25.2&#8243; _module_preset=&#8221;default&#8221; global_colors_info=&#8221;{}&#8221;][et_pb_heading title=&#8221;Rufat Safarov&#8221; _builder_version=&#8221;4.25.2&#8243; _module_preset=&#8221;default&#8221; title_text_align=&#8221;center&#8221; global_colors_info=&#8221;{}&#8221;][\/et_pb_heading][\/et_pb_column][\/et_pb_row][\/et_pb_section][et_pb_section fb_built=&#8221;1&#8243; _builder_version=&#8221;4.25.2&#8243; background_color=&#8221;#f3dc95&#8243; custom_margin=&#8221;-59px|||||&#8221; custom_padding=&#8221;0px|||||&#8221; transparent_background=&#8221;off&#8221; make_fullwidth=&#8221;off&#8221; use_custom_width=&#8221;off&#8221; width_unit=&#8221;off&#8221; custom_width_px=&#8221;1080px&#8221; custom_width_percent=&#8221;80%&#8221; global_colors_info=&#8221;{}&#8221;][et_pb_row _builder_version=&#8221;4.16&#8243; background_size=&#8221;initial&#8221; background_position=&#8221;top_left&#8221; background_repeat=&#8221;repeat&#8221; custom_padding=&#8221;46px|0px|4px|0px||&#8221; make_fullwidth=&#8221;off&#8221; use_custom_width=&#8221;off&#8221; width_unit=&#8221;off&#8221; custom_width_px=&#8221;1080px&#8221; custom_width_percent=&#8221;80%&#8221; global_colors_info=&#8221;{}&#8221;][et_pb_column type=&#8221;4_4&#8243; _builder_version=&#8221;4.16&#8243; custom_padding=&#8221;|||&#8221; global_colors_info=&#8221;{}&#8221; custom_padding__hover=&#8221;|||&#8221;][et_pb_text _builder_version=&#8221;4.25.2&#8243; background_size=&#8221;initial&#8221; background_position=&#8221;top_left&#8221; background_repeat=&#8221;repeat&#8221; text_orientation=&#8221;center&#8221; module_alignment=&#8221;center&#8221; custom_padding=&#8221;||0px|||&#8221; use_border_color=&#8221;off&#8221; border_style=&#8221;solid&#8221; global_colors_info=&#8221;{}&#8221;]<\/p>\n<h4 class=\"p1\">Human rights defender; founder of Defence Line; imprisoned under bogus charges<\/h4>\n<p>[\/et_pb_text][\/et_pb_column][\/et_pb_row][et_pb_row column_structure=&#8221;1_2,1_2&#8243; _builder_version=&#8221;4.25.2&#8243; _module_preset=&#8221;default&#8221; custom_padding=&#8221;44px|||||&#8221; global_colors_info=&#8221;{}&#8221;][et_pb_column type=&#8221;1_2&#8243; _builder_version=&#8221;4.25.2&#8243; _module_preset=&#8221;default&#8221; global_colors_info=&#8221;{}&#8221;][et_pb_text _builder_version=&#8221;4.25.2&#8243; _module_preset=&#8221;default&#8221; min_height=&#8221;452px&#8221; custom_margin=&#8221;||75px|||&#8221; custom_padding=&#8221;3px||3px|||&#8221; global_colors_info=&#8221;{}&#8221;]<\/p>\n<h3>About Rufat Safarov<\/h3>\n<p>Rufat Safarov is a prominent Azerbaijani human rights defender and co-founder of the non-governmental organisation Defence Line. Before his arrest, he served as the executive director of the organisation. The NGO was established in 2020 to monitor politically motivated arrests, corruption, and human rights abuses.<\/p>\n<p>Safarov\u2019s human rights activism began in December 2015, when he resigned from his position as an investigator at the Zardab District Prosecutor&#8217;s Office. His resignation followed his public statement criticising governmental abuse of power and corruption within the prosecution service. The move led to immediate state-led retaliation. In January 2016, he was arrested, and the Lankaran Grave Crimes Court sentenced him to nine years in prison under the charges of repeated bribery (Criminal Code Article 311.3.2), which local and international organisations widely recognised as a politically motivated detention.<\/p>\n<p>In March 2019, Safarov, who consistently rejected the charges and served three years behind bars, was pardoned and released. In January 2024, the court rejected his motion to expunge his criminal record, citing a lack of &#8220;resocialisation&#8221; as he was preparing to qualify for the bar exams.<\/p>\n<p>[\/et_pb_text][et_pb_image src=&#8221;https:\/\/free-anar.site\/wp-content\/uploads\/2026\/02\/rufat-safarov-poster-scaled.png&#8221; alt=&#8221;Rufat Safarov poster&#8221; title_text=&#8221;Rufat Safarov poster&#8221; _builder_version=&#8221;4.25.2&#8243; _module_preset=&#8221;default&#8221; custom_margin=&#8221;-32px|||||&#8221; animation_style=&#8221;slide&#8221; global_colors_info=&#8221;{}&#8221;][\/et_pb_image][\/et_pb_column][et_pb_column type=&#8221;1_2&#8243; _builder_version=&#8221;4.25.2&#8243; _module_preset=&#8221;default&#8221; global_colors_info=&#8221;{}&#8221;][et_pb_text _builder_version=&#8221;4.25.2&#8243; _module_preset=&#8221;default&#8221; min_height=&#8221;642px&#8221; custom_padding=&#8221;3px||0px|||&#8221; global_colors_info=&#8221;{}&#8221;]<\/p>\n<h3>Case description<\/h3>\n<p>Rufat Safarov was arrested on 3 December 2024, shortly after visiting the U.S. Embassy to receive his U.S. visa. Before his arrest, Safarov was set to receive the U.S. Secretary of State&#8217;s 2024 Human Rights Defender Award, which he later accepted in absentia on 10 December 2024, while he was under pre-trial detention. According to Safarov&#8217;s father, Eldar Sabiroglu, his whereabouts were unclear for several hours and the family could not contact Safarov after plainclothes agents arrested him close to his house at approximately 17:00 in the evening.<sup style=\"font-size:0.75em; line-height:1;\"><a href=\"#ref-1\">1<\/a>,<\/sup><sup style=\"font-size:0.75em; line-height:1;\"><a href=\"#ref-2\">2<\/a>,<\/sup><sup style=\"font-size:0.75em; line-height:1;\"><a href=\"#ref-3\">3<\/a><\/sup><\/p>\n<p>On 4 December 2024, he was formally charged under three Criminal Code Articles for fraud involving major damage, hooliganism, and intentional infliction of less serious harm to health. The investigation alleges that he took 60,000 manats from a man named Natig Imamguliyev in a fraudulent land deal and later assaulted him. Safarov denied the claims, stating the entire case is a &#8220;fabricated provocation&#8221; linked to his human rights work. If convicted, he faces a potential sentence of up to 10 years in prison.<sup style=\"font-size:0.75em; line-height:1;\"><a href=\"#ref-4\">4<\/a><\/sup><\/p>\n<p>Following his arrest, the Binagadi District Court judge Aytekin Ibrahimova remanded Safarov to four months&#8217; pre-trial detention. After the hearing, he was transferred to the Baku Investigation Isolator. On 11 December 2024, the Baku Appeal Court upheld the decision on remand. In the following months, his pre-trial detention was prolonged several times.<sup style=\"font-size:0.75em; line-height:1;\"><a href=\"#ref-5\">5<\/a><\/sup><\/p>\n<p>In January 2025, Safarov&#8217;s mother, Tahira Tahirqizi, was placed under a travel ban and called in for questioning in connection with the investigation against her son. Due to Safarov&#8217;s imprisonment, Defence Line\u2019s operational capacity has also been severely reduced.<sup style=\"font-size:0.75em; line-height:1;\"><a href=\"#ref-6\">6<\/a><\/sup><\/p>\n<p>In June 2025, a preparatory hearing at the Baku Court of Serious Crimes rejected the motion for his transfer to house arrest. His trial has since been continuing into the autumn of 2025.<\/p>\n<h4>References<\/h4>\n<p>&nbsp;<\/p>\n<ol>\n<li id=\"ref-1\"><a href=\"https:\/\/www.amnesty.org\/en\/latest\/news\/2024\/12\/azerbaijan-authorities-must-immediately-release-human-rights-defender-rufat-safarov\/\" target=\"_blank\" rel=\"noopener\">https:\/\/www.amnesty.org\/en\/latest\/news\/2024\/12\/azerbaijan-authorities-must-immediately-release-human-rights-defender-rufat-safarov\/<\/a><\/li>\n<li id=\"ref-2\"><a href=\"https:\/\/2021-2025.state.gov\/2024-human-rights-defender-award\/\" target=\"_blank\" rel=\"noopener\">https:\/\/2021-2025.state.gov\/2024-human-rights-defender-award\/<\/a><\/li>\n<li id=\"ref-3\"><a href=\"https:\/\/jam-news.net\/rights-activist-in-azerbaijan-arrested-on-fraud-and-hooliganism-charges\/\" target=\"_blank\" rel=\"noopener\">https:\/\/jam-news.net\/rights-activist-in-azerbaijan-arrested-on-fraud-and-hooliganism-charges\/<\/a><\/li>\n<li id=\"ref-4\"><a href=\"https:\/\/www.eng.kavkaz-uzel.eu\/articles\/68823\" target=\"_blank\" rel=\"noopener\">https:\/\/www.eng.kavkaz-uzel.eu\/articles\/68823<\/a><\/li>\n<li id=\"ref-5\"><a href=\"https:\/\/www.irfs.org\/news-feed\/rufat-safarov-remains-in-pretrial-detention-for-another-month\/\" target=\"_blank\" rel=\"noopener\">https:\/\/www.irfs.org\/news-feed\/rufat-safarov-remains-in-pretrial-detention-for-another-month\/<\/a><\/li>\n<li id=\"ref-6\"><a href=\"https:\/\/www.instituteforhumanrights.org\/post\/detention-of-human-rights-defender-rufat-safarov-extended-amid-family-travel-ban\" target=\"_blank\" rel=\"noopener\">https:\/\/www.instituteforhumanrights.org\/post\/detention-of-human-rights-defender-rufat-safarov-extended-amid-family-travel-ban<\/a><\/li>\n<\/ol>\n<p>[\/et_pb_text][et_pb_text _builder_version=&#8221;4.25.2&#8243; _module_preset=&#8221;default&#8221; custom_margin=&#8221;||-6px|||&#8221; custom_padding=&#8221;||60px|||&#8221; global_colors_info=&#8221;{}&#8221;]<\/p>\n<h4>Resources about Rufat Safarov<\/h4>\n<p>Kampaniyan\u0131n b\u00fct\u00fcn <a href=\"https:\/\/free-anar.site\/resources\/\">Campaign&#8217;s resources<\/a> resurslar\u0131 CC0 \u015f\u0259rtl\u0259ri alt\u0131nda Creative Commons Lisenziyas\u0131 <a href=\"https:\/\/creativecommons.org\/publicdomain\/zero\/1.0\/\" target=\"_blank\" rel=\"noopener\">CC0 conditions<\/a>, meaning these resources are public dedication tools, with no copyright, put into the worldwide public domain.<\/p>\n<p>Download blue background poster (<a href=\"https:\/\/free-anar.site\/wp-content\/uploads\/2026\/02\/rufat-safarov-poster-scaled.png\" target=\"_blank\" rel=\"noopener\">PNG<\/a>)<\/p>\n<p>Download square picture (<a href=\"https:\/\/free-anar.site\/wp-content\/uploads\/2026\/02\/rufat-safarov-profile.png\" target=\"_blank\" rel=\"noopener\">PNG<\/a>)<\/p>\n<p>[\/et_pb_text][et_pb_button button_url=&#8221;https:\/\/free-anar.site\/newsletter\/&#8221; button_text=&#8221;SUBSCRIBE TO OUR CRISIS DESK UPDATES&#8221; _builder_version=&#8221;4.25.2&#8243; _module_preset=&#8221;5ce38ed8-9f7f-4d7a-9cf3-ae6d408e556e&#8221; locked=&#8221;off&#8221; global_colors_info=&#8221;{}&#8221;][\/et_pb_button][\/et_pb_column][\/et_pb_row][\/et_pb_section]<\/p>","protected":false},"excerpt":{"rendered":"<p>Human rights defender; founder of Defence Line; imprisoned under bogus chargesAbout Rufat Safarov Rufat Safarov is a prominent Azerbaijani human rights defender and co-founder of the non-governmental organisation Defence Line. Before his arrest, he served as the executive director of the organisation. The NGO was established in 2020 to monitor politically motivated arrests, corruption, and [&hellip;]<\/p>","protected":false},"author":4,"featured_media":0,"parent":43,"menu_order":0,"comment_status":"closed","ping_status":"closed","template":"","meta":{"_et_pb_use_builder":"on","_et_pb_old_content":"","_et_gb_content_width":"","footnotes":""},"categories":[],"tags":[],"class_list":["post-30929","page","type-page","status-publish","hentry"],"_links":{"self":[{"href":"https:\/\/free-anar.site\/az\/wp-json\/wp\/v2\/pages\/30929","targetHints":{"allow":["GET"]}}],"collection":[{"href":"https:\/\/free-anar.site\/az\/wp-json\/wp\/v2\/pages"}],"about":[{"href":"https:\/\/free-anar.site\/az\/wp-json\/wp\/v2\/types\/page"}],"author":[{"embeddable":true,"href":"https:\/\/free-anar.site\/az\/wp-json\/wp\/v2\/users\/4"}],"replies":[{"embeddable":true,"href":"https:\/\/free-anar.site\/az\/wp-json\/wp\/v2\/comments?post=30929"}],"version-history":[{"count":2,"href":"https:\/\/free-anar.site\/az\/wp-json\/wp\/v2\/pages\/30929\/revisions"}],"predecessor-version":[{"id":30933,"href":"https:\/\/free-anar.site\/az\/wp-json\/wp\/v2\/pages\/30929\/revisions\/30933"}],"up":[{"embeddable":true,"href":"https:\/\/free-anar.site\/az\/wp-json\/wp\/v2\/pages\/43"}],"wp:attachment":[{"href":"https:\/\/free-anar.site\/az\/wp-json\/wp\/v2\/media?parent=30929"}],"wp:term":[{"taxonomy":"category","embeddable":true,"href":"https:\/\/free-anar.site\/az\/wp-json\/wp\/v2\/categories?post=30929"},{"taxonomy":"post_tag","embeddable":true,"href":"https:\/\/free-anar.site\/az\/wp-json\/wp\/v2\/tags?post=30929"}],"curies":[{"name":"wp","href":"https:\/\/api.w.org\/{rel}","templated":true}]}}