{"id":28803,"date":"2024-07-24T13:58:38","date_gmt":"2024-07-24T11:58:38","guid":{"rendered":"https:\/\/free-anar.site\/?page_id=28803"},"modified":"2025-12-10T08:55:04","modified_gmt":"2025-12-10T07:55:04","slug":"donate","status":"publish","type":"page","link":"https:\/\/free-anar.site\/az\/donate\/","title":{"rendered":"\u0130AN\u018f ET"},"content":{"rendered":"<p>[et_pb_section fb_built=&#8221;1&#8243; _builder_version=&#8221;4.25.2&#8243; _module_preset=&#8221;default&#8221; background_color=&#8221;#f3dc95&#8243; custom_margin=&#8221;-104px|||||&#8221; custom_padding=&#8221;||8px|||&#8221; global_colors_info=&#8221;{}&#8221;][et_pb_row _builder_version=&#8221;4.25.2&#8243; _module_preset=&#8221;default&#8221; custom_padding=&#8221;3px|||||&#8221; global_colors_info=&#8221;{}&#8221;][et_pb_column type=&#8221;4_4&#8243; _builder_version=&#8221;4.25.2&#8243; _module_preset=&#8221;default&#8221; global_colors_info=&#8221;{}&#8221;][et_pb_heading title=&#8221;DONATE&#8221; _builder_version=&#8221;4.25.2&#8243; _module_preset=&#8221;default&#8221; global_colors_info=&#8221;{}&#8221;][\/et_pb_heading][\/et_pb_column][\/et_pb_row][\/et_pb_section][et_pb_section fb_built=&#8221;1&#8243; _builder_version=&#8221;4.25.2&#8243; _module_preset=&#8221;default&#8221; background_color=&#8221;#f3dc95&#8243; custom_padding=&#8221;3px|||||&#8221; global_colors_info=&#8221;{}&#8221;][et_pb_row _builder_version=&#8221;4.25.2&#8243; _module_preset=&#8221;default&#8221; custom_padding=&#8221;0px|||||&#8221; global_colors_info=&#8221;{}&#8221;][et_pb_column type=&#8221;4_4&#8243; _builder_version=&#8221;4.25.2&#8243; _module_preset=&#8221;default&#8221; global_colors_info=&#8221;{}&#8221;][et_pb_heading title=&#8221;DONATE&#8221; _builder_version=&#8221;4.25.2&#8243; _module_preset=&#8221;default&#8221; title_text_align=&#8221;center&#8221; global_colors_info=&#8221;{}&#8221;][\/et_pb_heading][et_pb_text _builder_version=&#8221;4.25.2&#8243; _module_preset=&#8221;default&#8221; global_colors_info=&#8221;{}&#8221;]<\/p>\n<h4 style=\"text-align: center;\">Please donate to the Campaign to End Repression in Azerbaijan.<\/h4>\n<p>[\/et_pb_text][\/et_pb_column][\/et_pb_row][\/et_pb_section][et_pb_section fb_built=&#8221;1&#8243; _builder_version=&#8221;4.25.2&#8243; _module_preset=&#8221;default&#8221; background_color=&#8221;#f3dc95&#8243; custom_margin=&#8221;-137px|||||&#8221; custom_padding=&#8221;||0px|||&#8221; global_colors_info=&#8221;{}&#8221;][et_pb_row column_structure=&#8221;1_2,1_2&#8243; _builder_version=&#8221;4.25.2&#8243; _module_preset=&#8221;default&#8221; custom_margin=&#8221;21px|auto|-10px|auto|false|&#8221; global_colors_info=&#8221;{}&#8221;][et_pb_column type=&#8221;1_2&#8243; _builder_version=&#8221;4.25.2&#8243; _module_preset=&#8221;default&#8221; global_colors_info=&#8221;{}&#8221;][et_pb_text admin_label=&#8221;Text&#8221; _builder_version=&#8221;4.25.2&#8243; text_line_height=&#8221;1.5em&#8221; background_size=&#8221;initial&#8221; background_position=&#8221;top_left&#8221; background_repeat=&#8221;repeat&#8221; hover_enabled=&#8221;0&#8243; use_border_color=&#8221;off&#8221; border_style=&#8221;solid&#8221; global_colors_info=&#8221;{}&#8221; sticky_enabled=&#8221;0&#8243;]<\/p>\n<p>The Campaign to End Repression in Azerbaijan is a joint project of human rights defenders and NGOs, highlighting the systemic nature of arbitrary detention by the Azerbaijani government for over two decades.<\/p>\n<p><strong>Bank k\u00f6\u00e7\u00fcrm\u0259si il\u0259 ian\u0259 edin:<\/strong><br \/>IBAN: CH88 0900 0000 1623 3116 6<br \/>BIC: POFICHBEXXX<br \/>Hesab sahibi:<br \/>Progress &amp; Change Action Lab, 23 rue de Lyon, 1201 Cenevr\u0259, \u0130sve\u00e7r\u0259<\/p>\n<p>The Campaign is managed by <a href=\"https:\/\/progress-change-actionlab.org\/\">Progress &amp; Change Partnerships<\/a>, a Swiss-based non-for-profit association legally known as Progress &amp; Change Action Lab officially recognised under Geneva and Swiss law as a charitable and tax-exempt organisationation. <strong>All donations are tax-deductible.<\/strong><\/p>\n<p><strong>100% of donations made through this bank account will be earmarked to the Campaign to End Repression in Azerbaijan and solely used to implement activities directly agreed upon by the <a href=\"https:\/\/free-anar.site\/about\/steering-committee\/\">Steering Committee of the Campaign<\/a>.<\/strong><\/p>\n<p>If you have further questions or would like to enter a dialogue about funding the Campaign, please contact the Campaign management at <a href=\"mailto:info(@)endrepression-az.org\">info(@)endrepression-az.org<\/a>.<\/p>\n<p>&nbsp;<\/p>\n<p>[\/et_pb_text][\/et_pb_column][et_pb_column type=&#8221;1_2&#8243; _builder_version=&#8221;4.25.2&#8243; _module_preset=&#8221;default&#8221; global_colors_info=&#8221;{}&#8221;][et_pb_image src=&#8221;https:\/\/free-anar.site\/wp-content\/uploads\/2024\/06\/Anar_Mammadli_poster1.png&#8221; alt=&#8221;Poster Freedom for Anar&#8221; title_text=&#8221;vertical-post-blue&#8221; _builder_version=&#8221;4.25.2&#8243; _module_preset=&#8221;default&#8221; animation_style=&#8221;slide&#8221; global_colors_info=&#8221;{}&#8221;][\/et_pb_image][\/et_pb_column][\/et_pb_row][\/et_pb_section]<\/p>","protected":false},"excerpt":{"rendered":"<p>Please donate to the Campaign to End Repression in Azerbaijan.The Campaign to End Repression in Azerbaijan is a joint project of human rights defenders and NGOs, highlighting the systemic nature of arbitrary detention by the Azerbaijani government for over two decades. Donate by bank transfer to:IBAN: CH88 0900 0000 1623 3116 6BIC: POFICHBEXXXAccount owner:Progress &amp; [&hellip;]<\/p>","protected":false},"author":1,"featured_media":0,"parent":0,"menu_order":100,"comment_status":"closed","ping_status":"closed","template":"","meta":{"_et_pb_use_builder":"on","_et_pb_old_content":"","_et_gb_content_width":"","footnotes":""},"categories":[],"tags":[],"class_list":["post-28803","page","type-page","status-publish","hentry"],"_links":{"self":[{"href":"https:\/\/free-anar.site\/az\/wp-json\/wp\/v2\/pages\/28803","targetHints":{"allow":["GET"]}}],"collection":[{"href":"https:\/\/free-anar.site\/az\/wp-json\/wp\/v2\/pages"}],"about":[{"href":"https:\/\/free-anar.site\/az\/wp-json\/wp\/v2\/types\/page"}],"author":[{"embeddable":true,"href":"https:\/\/free-anar.site\/az\/wp-json\/wp\/v2\/users\/1"}],"replies":[{"embeddable":true,"href":"https:\/\/free-anar.site\/az\/wp-json\/wp\/v2\/comments?post=28803"}],"version-history":[{"count":16,"href":"https:\/\/free-anar.site\/az\/wp-json\/wp\/v2\/pages\/28803\/revisions"}],"predecessor-version":[{"id":30749,"href":"https:\/\/free-anar.site\/az\/wp-json\/wp\/v2\/pages\/28803\/revisions\/30749"}],"wp:attachment":[{"href":"https:\/\/free-anar.site\/az\/wp-json\/wp\/v2\/media?parent=28803"}],"wp:term":[{"taxonomy":"category","embeddable":true,"href":"https:\/\/free-anar.site\/az\/wp-json\/wp\/v2\/categories?post=28803"},{"taxonomy":"post_tag","embeddable":true,"href":"https:\/\/free-anar.site\/az\/wp-json\/wp\/v2\/tags?post=28803"}],"curies":[{"name":"wp","href":"https:\/\/api.w.org\/{rel}","templated":true}]}}